{"id":10,"date":"2017-02-06T15:23:27","date_gmt":"2017-02-06T14:23:27","guid":{"rendered":"http:\/\/gehrmannbau.de\/wordpress\/?page_id=10"},"modified":"2022-02-06T16:16:11","modified_gmt":"2022-02-06T15:16:11","slug":"startseite","status":"publish","type":"page","link":"https:\/\/gehrmannbau.de\/wordpress\/","title":{"rendered":"Home"},"content":{"rendered":"<p>Herzlich willkommen bei der <strong><span style=\"font-size: x-large;\">Gehrmann Baugesellschaft m.b.H.<\/span><\/strong><\/p>\n<ul>\n<li>Beratung<\/li>\n<li>Planung<\/li>\n<li>Ausf\u00fchrung<\/li>\n<\/ul>\n<p>&#8230; alles aus einer Hand!<\/p>\n<p>Wir sind seit \u00fcber 40 Jahren im Fassaden- und Flachdachbau t\u00e4tig, hier finden Sie einige unserer <a href=\"http:\/\/gehrmannbau.de\/wordpress\/referenzen\/\"><strong>Referenzen<\/strong><\/a>&#8230;<\/p>\n<p>Unsere konstruktiven und montagetechnischen Erfahrungen begr\u00fcnden sich auf eine Vielzahl von Bauausf\u00fchrungen.<\/p>\n<p>Mit unseren speziell daf\u00fcr ausgebildeten Facharbeitern und dem umfangreichen Ger\u00e4te- und Maschinenpark sichern wir Ihnen eine verl\u00e4ssliche und kurzfristige Ausf\u00fchrung Ihrer Auftr\u00e4ge zu.<\/p>\n<p>Unsere St\u00e4rke liegt im Realisieren von <a href=\"http:\/\/gehrmannbau.de\/wordpress\/sonderbauten\/\"><strong>Sonderbauten<\/strong><\/a>, (hier finden Sie einige davon.)<\/p>\n<p>Durch freie Wahl aller am Markt erh\u00e4ltlichen Materialien finden wir f\u00fcr jede Aufgabe das Richtige.<\/p>\n","protected":false},"excerpt":{"rendered":"<p>Herzlich willkommen bei der Gehrmann Baugesellschaft m.b.H. Beratung Planung Ausf\u00fchrung &#8230; alles aus einer Hand! Wir sind seit \u00fcber 40 Jahren im Fassaden- und Flachdachbau t\u00e4tig, hier finden Sie einige unserer Referenzen&#8230; Unsere konstruktiven und<\/p>\n","protected":false},"author":1,"featured_media":0,"parent":0,"menu_order":0,"comment_status":"closed","ping_status":"closed","template":"","meta":{"footnotes":""},"_links":{"self":[{"href":"https:\/\/gehrmannbau.de\/wordpress\/wp-json\/wp\/v2\/pages\/10"}],"collection":[{"href":"https:\/\/gehrmannbau.de\/wordpress\/wp-json\/wp\/v2\/pages"}],"about":[{"href":"https:\/\/gehrmannbau.de\/wordpress\/wp-json\/wp\/v2\/types\/page"}],"author":[{"embeddable":true,"href":"https:\/\/gehrmannbau.de\/wordpress\/wp-json\/wp\/v2\/users\/1"}],"replies":[{"embeddable":true,"href":"https:\/\/gehrmannbau.de\/wordpress\/wp-json\/wp\/v2\/comments?post=10"}],"version-history":[{"count":18,"href":"https:\/\/gehrmannbau.de\/wordpress\/wp-json\/wp\/v2\/pages\/10\/revisions"}],"predecessor-version":[{"id":470,"href":"https:\/\/gehrmannbau.de\/wordpress\/wp-json\/wp\/v2\/pages\/10\/revisions\/470"}],"wp:attachment":[{"href":"https:\/\/gehrmannbau.de\/wordpress\/wp-json\/wp\/v2\/media?parent=10"}],"curies":[{"name":"wp","href":"https:\/\/api.w.org\/{rel}","templated":true}]}}